{"id":8,"date":"2018-08-19T09:53:17","date_gmt":"2018-08-19T09:53:17","guid":{"rendered":"http:\/\/reisen.jan-macherius.de\/?page_id=8"},"modified":"2024-08-16T08:32:19","modified_gmt":"2024-08-16T06:32:19","slug":"impressum","status":"publish","type":"page","link":"https:\/\/reisen.jan-macherius.de\/?page_id=8","title":{"rendered":"Impressum"},"content":{"rendered":"\n<p>Jan Macherius<br>Rudolf-Harla\u00df-Stra\u00dfe 13<br>09228 Chemnitz-Wittgensdorf<\/p>\n\n\n\n<p>Tel.: (0157) 38367405<br>kontakt@jan-macherius.de<\/p>\n\n\n\n<p>\u00a9 Copyright: Eine Verwertung der urheberrechtlich\n gesch\u00fctzten Beitr\u00e4ge, Ver\u00f6ffentlichungen und Abbildungen ist ohne \nvorherige schriftliche Genehmigung von \u201eJan Macherius\u201c nicht zul\u00e4ssig!<\/p>\n\n\n\n<p>Mit Urteil vom 12. Mai 1998 hat das Landgericht \nHamburg entschieden, da\u00df man durch die Ausbringung eines Links die \nInhalte der gelinkten Seite ggf. mit zu verantworten hat. Dies kann \u2013 so\n das LG \u2013 nur dadurch verhindert werden, da\u00df man sich ausdr\u00fccklich von \ndiesen Inhalten distanziert. Ich habe auf verschiedenen Seiten dieser \nHomepage Links zu anderen Seiten im Internet gelegt. F\u00fcr all diese Links\n gilt: Ich m\u00f6chte ausdr\u00fccklich betonen, da\u00df ich keinerlei Einflu\u00df auf \ndie Gestaltung und die Inhalte der gelinkten Seiten habe. Deshalb \ndistanzieren ich mich hiermit ausdr\u00fccklich von allen Inhalten aller \ngelinkten Seiten auf dieser Homepage und mache mir diese Inhalte nicht \nzueigen. Diese Erkl\u00e4rung gilt f\u00fcr alle auf dieser Homepage ausgebrachten\n Links. Der Verfasser dieser Seite tr\u00e4gt keine Verantwortung f\u00fcr die \nArt, wie die hier zur Verf\u00fcgung gestellten Informationen genutzt werden.<\/p>\n","protected":false},"excerpt":{"rendered":"<p>Jan MacheriusRudolf-Harla\u00df-Stra\u00dfe 1309228 Chemnitz-Wittgensdorf Tel.: (0157) 38367405kontakt@jan-macherius.de \u00a9 Copyright: Eine Verwertung der urheberrechtlich gesch\u00fctzten Beitr\u00e4ge, Ver\u00f6ffentlichungen und Abbildungen ist ohne<\/p>\n","protected":false},"author":1,"featured_media":0,"parent":0,"menu_order":3,"comment_status":"closed","ping_status":"closed","template":"","meta":{"colormag_page_layout":"default_layout","footnotes":""},"class_list":["post-8","page","type-page","status-publish","hentry"],"_links":{"self":[{"href":"https:\/\/reisen.jan-macherius.de\/index.php?rest_route=\/wp\/v2\/pages\/8","targetHints":{"allow":["GET"]}}],"collection":[{"href":"https:\/\/reisen.jan-macherius.de\/index.php?rest_route=\/wp\/v2\/pages"}],"about":[{"href":"https:\/\/reisen.jan-macherius.de\/index.php?rest_route=\/wp\/v2\/types\/page"}],"author":[{"embeddable":true,"href":"https:\/\/reisen.jan-macherius.de\/index.php?rest_route=\/wp\/v2\/users\/1"}],"replies":[{"embeddable":true,"href":"https:\/\/reisen.jan-macherius.de\/index.php?rest_route=%2Fwp%2Fv2%2Fcomments&post=8"}],"version-history":[{"count":2,"href":"https:\/\/reisen.jan-macherius.de\/index.php?rest_route=\/wp\/v2\/pages\/8\/revisions"}],"predecessor-version":[{"id":615,"href":"https:\/\/reisen.jan-macherius.de\/index.php?rest_route=\/wp\/v2\/pages\/8\/revisions\/615"}],"wp:attachment":[{"href":"https:\/\/reisen.jan-macherius.de\/index.php?rest_route=%2Fwp%2Fv2%2Fmedia&parent=8"}],"curies":[{"name":"wp","href":"https:\/\/api.w.org\/{rel}","templated":true}]}}