{"id":22,"date":"2018-08-19T09:54:52","date_gmt":"2018-08-19T09:54:52","guid":{"rendered":"http:\/\/reisen.jan-macherius.de\/?page_id=22"},"modified":"2018-08-19T13:11:14","modified_gmt":"2018-08-19T13:11:14","slug":"startseite-und-inhalte","status":"publish","type":"page","link":"https:\/\/reisen.jan-macherius.de\/?page_id=22","title":{"rendered":"Startseite und Inhalte"},"content":{"rendered":"\n<p>Mit diesem Blog m\u00f6chte ich \u00fcber meine Erlebnisse auf Reisen und im Urlaub berichten. Es befindet sich alles noch im Aufbau, \u00fcber ernstgemeinte Kritik freue ich mich jederzeit.<\/p>\n\n\n\n<p>Angefangen hat es mit einer Exkursion nach Berlin, die mir 2017 meine Frau geschenkt hat. Es wurde bei mir das Intersse geweckt, Deutschland und den Rest der Welt noch etwas genauer kennen zu lernen. Manche Dinge werden sicher meine Kinder nicht so begeistern, also gehe ich auch ein- bis zweimal im Jahr allein auf Reise. Diese Seite soll als eine Art Blog dienen, um meine Erlebnisse zu dokumentieren und auch der Allgemeinheit zur Verf\u00fcgung zu stellen.<\/p>\n","protected":false},"excerpt":{"rendered":"<p>Mit diesem Blog m\u00f6chte ich \u00fcber meine Erlebnisse auf Reisen und im Urlaub berichten. Es befindet sich alles noch im<\/p>\n","protected":false},"author":1,"featured_media":0,"parent":0,"menu_order":0,"comment_status":"closed","ping_status":"closed","template":"","meta":{"colormag_page_layout":"default_layout","footnotes":""},"class_list":["post-22","page","type-page","status-publish","hentry"],"_links":{"self":[{"href":"https:\/\/reisen.jan-macherius.de\/index.php?rest_route=\/wp\/v2\/pages\/22","targetHints":{"allow":["GET"]}}],"collection":[{"href":"https:\/\/reisen.jan-macherius.de\/index.php?rest_route=\/wp\/v2\/pages"}],"about":[{"href":"https:\/\/reisen.jan-macherius.de\/index.php?rest_route=\/wp\/v2\/types\/page"}],"author":[{"embeddable":true,"href":"https:\/\/reisen.jan-macherius.de\/index.php?rest_route=\/wp\/v2\/users\/1"}],"replies":[{"embeddable":true,"href":"https:\/\/reisen.jan-macherius.de\/index.php?rest_route=%2Fwp%2Fv2%2Fcomments&post=22"}],"version-history":[{"count":0,"href":"https:\/\/reisen.jan-macherius.de\/index.php?rest_route=\/wp\/v2\/pages\/22\/revisions"}],"wp:attachment":[{"href":"https:\/\/reisen.jan-macherius.de\/index.php?rest_route=%2Fwp%2Fv2%2Fmedia&parent=22"}],"curies":[{"name":"wp","href":"https:\/\/api.w.org\/{rel}","templated":true}]}}